{"id":71,"date":"2025-07-25T18:35:19","date_gmt":"2025-07-25T16:35:19","guid":{"rendered":"https:\/\/crcawingchunfrance9767.live-website.com\/?page_id=71"},"modified":"2025-10-03T18:02:24","modified_gmt":"2025-10-03T16:02:24","slug":"adherer","status":"publish","type":"page","link":"https:\/\/crcawingchun.fr\/?page_id=71","title":{"rendered":"Adh\u00e9rer"},"content":{"rendered":"\n<p class=\"has-ast-global-color-5-background-color has-background\"><strong>Modalit\u00e9s d\u2019Inscription :<\/strong><\/p>\n\n\n\n<p>L\u2019association propose un cours d\u2019essai gratuit pour les personnes qui souhaitent d\u00e9couvrir le Wing Chun Kung Fu. Pour adh\u00e9rer, merci de contacter en premier lieu Philippe Leroux. L&rsquo;adh\u00e9sion se fait via un formulaire qui vous permet de choisir votre formule, auquel vous joindrez votre r\u00e8glement pour la p\u00e9riode de votre choix. <\/p>\n\n\n\n<ul class=\"wp-block-list\">\n<li>Formulaire d\u2019inscription \u00e0 l\u2019association d\u00fbment compl\u00e9t\u00e9 et sign\u00e9.<\/li>\n\n\n\n<li>Prise de connaissance et acceptation du r\u00e8glement int\u00e9rieur.<\/li>\n\n\n\n<li>Ch\u00e8que \u00e0 l\u2019ordre de l\u2019association CRCA France Wing Chun, pour le paiement de la p\u00e9riode choisie ou virement bancaire.<\/li>\n<\/ul>\n\n\n\n<hr class=\"wp-block-separator has-alpha-channel-opacity\"\/>\n\n\n\n<p class=\"has-ast-global-color-5-background-color has-background\"><strong>Tarifs d\u2019adh\u00e9sion \u00e0 l\u2019association :<\/strong><\/p>\n\n\n\n<p>L\u2019adh\u00e9sion est ouverte pendant toute l\u2019ann\u00e9e, possible par trimestre ou pour la saison enti\u00e8re. Les cours de septembre et juillet inclus pour toute inscription. Les trimestres de la saison sont d\u00e9finis de la fa\u00e7on suivante :<\/p>\n\n\n\n<ul class=\"wp-block-list\">\n<li>1er trimestre : octobre, novembre, d\u00e9cembre<\/li>\n\n\n\n<li>2\u00e8me trimestre : janvier, f\u00e9vrier, mars<\/li>\n\n\n\n<li>3\u00e8me trimestre : avril, mai, juin<\/li>\n<\/ul>\n\n\n\n<figure class=\"wp-block-table\"><table class=\"has-fixed-layout\"><tbody><tr><td><strong>Nombre de cours<\/strong><\/td><td><strong>Saison compl\u00e8te<\/strong><\/td><td><strong>2 trimestres<\/strong><\/td><td><strong>1 trimestre<\/strong><\/td><\/tr><tr><td>1 cours \/ semaine<\/td><td>300 euros<\/td><td>230 euros<\/td><td>150 euros<\/td><\/tr><tr><td>2 cours \/ semaine<\/td><td>410 euros<\/td><td>310 euros<\/td><td>200 euros<\/td><\/tr><tr><td>Forfait 3 cours\/semaine<\/td><td>530 euros<\/td><td>400 euros<\/td><td>250 euros<\/td><\/tr><\/tbody><\/table><\/figure>\n\n\n\n<p>Septembre et juillet compris dans le 1<sup>er<\/sup>&nbsp;et 3<sup>\u00e8me<\/sup>&nbsp;trimestre.<\/p>\n\n\n\n<hr class=\"wp-block-separator has-alpha-channel-opacity\"\/>\n\n\n\n<p class=\"has-ast-global-color-5-background-color has-background\"><strong>Tarif r\u00e9duit :<\/strong>&nbsp;<\/p>\n\n\n\n<p>R\u00e9duction de 20% pour une saison compl\u00e8te \u00e0 partir du 2\u00e8me membre d&rsquo;une\u00a0m\u00eame\u00a0famille.<\/p>\n\n\n\n<hr class=\"wp-block-separator has-alpha-channel-opacity\"\/>\n","protected":false},"excerpt":{"rendered":"<p>Modalit\u00e9s d\u2019Inscription : L\u2019association propose un cours d\u2019essai gratuit pour les personnes qui souhaitent d\u00e9couvrir le Wing Chun Kung Fu. [&hellip;]<\/p>\n","protected":false},"author":1,"featured_media":0,"parent":0,"menu_order":0,"comment_status":"closed","ping_status":"closed","template":"","meta":{"_seopress_robots_primary_cat":"","_seopress_titles_title":"","_seopress_titles_desc":"","_seopress_robots_index":"","site-sidebar-layout":"default","site-content-layout":"","ast-site-content-layout":"default","site-content-style":"default","site-sidebar-style":"default","ast-global-header-display":"","ast-banner-title-visibility":"","ast-main-header-display":"","ast-hfb-above-header-display":"","ast-hfb-below-header-display":"","ast-hfb-mobile-header-display":"","site-post-title":"","ast-breadcrumbs-content":"","ast-featured-img":"","footer-sml-layout":"","theme-transparent-header-meta":"","adv-header-id-meta":"","stick-header-meta":"","header-above-stick-meta":"","header-main-stick-meta":"","header-below-stick-meta":"","astra-migrate-meta-layouts":"default","ast-page-background-enabled":"default","ast-page-background-meta":{"desktop":{"background-color":"var(--ast-global-color-5)","background-image":"","background-repeat":"repeat","background-position":"center center","background-size":"auto","background-attachment":"scroll","background-type":"","background-media":"","overlay-type":"","overlay-color":"","overlay-opacity":"","overlay-gradient":""},"tablet":{"background-color":"","background-image":"","background-repeat":"repeat","background-position":"center center","background-size":"auto","background-attachment":"scroll","background-type":"","background-media":"","overlay-type":"","overlay-color":"","overlay-opacity":"","overlay-gradient":""},"mobile":{"background-color":"","background-image":"","background-repeat":"repeat","background-position":"center center","background-size":"auto","background-attachment":"scroll","background-type":"","background-media":"","overlay-type":"","overlay-color":"","overlay-opacity":"","overlay-gradient":""}},"ast-content-background-meta":{"desktop":{"background-color":"var(--ast-global-color-4)","background-image":"","background-repeat":"repeat","background-position":"center center","background-size":"auto","background-attachment":"scroll","background-type":"","background-media":"","overlay-type":"","overlay-color":"","overlay-opacity":"","overlay-gradient":""},"tablet":{"background-color":"var(--ast-global-color-4)","background-image":"","background-repeat":"repeat","background-position":"center center","background-size":"auto","background-attachment":"scroll","background-type":"","background-media":"","overlay-type":"","overlay-color":"","overlay-opacity":"","overlay-gradient":""},"mobile":{"background-color":"var(--ast-global-color-4)","background-image":"","background-repeat":"repeat","background-position":"center center","background-size":"auto","background-attachment":"scroll","background-type":"","background-media":"","overlay-type":"","overlay-color":"","overlay-opacity":"","overlay-gradient":""}},"footnotes":""},"class_list":["post-71","page","type-page","status-publish","hentry"],"_links":{"self":[{"href":"https:\/\/crcawingchun.fr\/index.php?rest_route=\/wp\/v2\/pages\/71","targetHints":{"allow":["GET"]}}],"collection":[{"href":"https:\/\/crcawingchun.fr\/index.php?rest_route=\/wp\/v2\/pages"}],"about":[{"href":"https:\/\/crcawingchun.fr\/index.php?rest_route=\/wp\/v2\/types\/page"}],"author":[{"embeddable":true,"href":"https:\/\/crcawingchun.fr\/index.php?rest_route=\/wp\/v2\/users\/1"}],"replies":[{"embeddable":true,"href":"https:\/\/crcawingchun.fr\/index.php?rest_route=%2Fwp%2Fv2%2Fcomments&post=71"}],"version-history":[{"count":20,"href":"https:\/\/crcawingchun.fr\/index.php?rest_route=\/wp\/v2\/pages\/71\/revisions"}],"predecessor-version":[{"id":639,"href":"https:\/\/crcawingchun.fr\/index.php?rest_route=\/wp\/v2\/pages\/71\/revisions\/639"}],"wp:attachment":[{"href":"https:\/\/crcawingchun.fr\/index.php?rest_route=%2Fwp%2Fv2%2Fmedia&parent=71"}],"curies":[{"name":"wp","href":"https:\/\/api.w.org\/{rel}","templated":true}]}}