{"id":38,"date":"2025-07-25T15:54:24","date_gmt":"2025-07-25T15:54:24","guid":{"rendered":"https:\/\/crcawingchunfrance9767.live-website.com\/?page_id=38"},"modified":"2025-08-08T19:46:51","modified_gmt":"2025-08-08T17:46:51","slug":"accueil","status":"publish","type":"page","link":"https:\/\/crcawingchun.fr\/","title":{"rendered":"Accueil"},"content":{"rendered":"\n<div class=\"wp-block-group alignfull has-white-background-color has-background is-layout-constrained wp-container-core-group-is-layout-220c245d wp-block-group-is-layout-constrained\" id=\"about\" style=\"margin-top:var(--wp--preset--spacing--80);padding-top:94px;padding-right:0;padding-bottom:0px\"><ul style=\"padding-top:var(--wp--preset--spacing--20);padding-bottom:var(--wp--preset--spacing--20);margin-top:var(--wp--preset--spacing--20);margin-bottom:var(--wp--preset--spacing--20);\" class=\"wp-block-latest-posts__list wp-block-latest-posts\"><li><a class=\"wp-block-latest-posts__post-title\" href=\"https:\/\/crcawingchun.fr\/?p=178\">Reprise des cours pour la saison 2025\/2026<\/a><div class=\"wp-block-latest-posts__post-excerpt\">La saison 2025\/2026 reprendra le mardi 9 septembre 2025, 19h30.\u2026 <a class=\"wp-block-latest-posts__read-more\" href=\"https:\/\/crcawingchun.fr\/?p=178\" rel=\"noopener noreferrer\">Lire la suite<span class=\"screen-reader-text\">\u00a0: Reprise des cours pour la saison 2025\/2026<\/span><\/a><\/div><\/li>\n<\/ul>\n\n\n<figure class=\"wp-block-image alignfull size-full has-custom-border is-style-default\" style=\"margin-top:var(--wp--preset--spacing--20);margin-right:0;margin-bottom:var(--wp--preset--spacing--20);margin-left:0\"><img loading=\"lazy\" decoding=\"async\" width=\"1473\" height=\"944\" src=\"https:\/\/crcawingchun.fr\/wp-content\/uploads\/2025\/07\/WhatsApp-Image-2025-07-28-a-20.26.56_c4f688e6-1.jpg\" alt=\"Randy  Williams et Philippe Leroux\" class=\"wp-image-378\" style=\"border-radius:43px;box-shadow:none\" srcset=\"https:\/\/crcawingchun.fr\/wp-content\/uploads\/2025\/07\/WhatsApp-Image-2025-07-28-a-20.26.56_c4f688e6-1.jpg 1473w, https:\/\/crcawingchun.fr\/wp-content\/uploads\/2025\/07\/WhatsApp-Image-2025-07-28-a-20.26.56_c4f688e6-1-300x192.jpg 300w, https:\/\/crcawingchun.fr\/wp-content\/uploads\/2025\/07\/WhatsApp-Image-2025-07-28-a-20.26.56_c4f688e6-1-1024x656.jpg 1024w, https:\/\/crcawingchun.fr\/wp-content\/uploads\/2025\/07\/WhatsApp-Image-2025-07-28-a-20.26.56_c4f688e6-1-768x492.jpg 768w\" sizes=\"auto, (max-width: 1473px) 100vw, 1473px\" \/><\/figure>\n<\/div>\n\n\n\n<div class=\"wp-block-group alignfull has-ast-global-color-5-background-color has-background is-layout-constrained wp-block-group-is-layout-constrained\" id=\"services\" style=\"margin-top:0;margin-bottom:0;padding-top:60px;padding-bottom:60px\">\n<h2 class=\"wp-block-heading\">Le CRCA Wing Chun de Randy Williams<\/h2>\n\n\n\n<div class=\"wp-block-columns are-vertically-aligned-top is-layout-flex wp-container-core-columns-is-layout-60cbf9bb wp-block-columns-is-layout-flex\" style=\"margin-top:50px\">\n<div class=\"wp-block-column is-vertically-aligned-top is-layout-flow wp-container-core-column-is-layout-6b73ce23 wp-block-column-is-layout-flow\">\n<figure class=\"wp-block-image size-full\"><img loading=\"lazy\" decoding=\"async\" width=\"1621\" height=\"1660\" src=\"https:\/\/crcawingchun.fr\/wp-content\/uploads\/2025\/07\/72314762_547375192506699_4709816602277707776_o.jpg\" alt=\"Randy Williams ex\u00e9cutant la Forme Mook Yan Joang (mannequin de bois)\" class=\"wp-image-22\" srcset=\"https:\/\/crcawingchun.fr\/wp-content\/uploads\/2025\/07\/72314762_547375192506699_4709816602277707776_o.jpg 1621w, https:\/\/crcawingchun.fr\/wp-content\/uploads\/2025\/07\/72314762_547375192506699_4709816602277707776_o-293x300.jpg 293w, https:\/\/crcawingchun.fr\/wp-content\/uploads\/2025\/07\/72314762_547375192506699_4709816602277707776_o-1000x1024.jpg 1000w, https:\/\/crcawingchun.fr\/wp-content\/uploads\/2025\/07\/72314762_547375192506699_4709816602277707776_o-768x786.jpg 768w, https:\/\/crcawingchun.fr\/wp-content\/uploads\/2025\/07\/72314762_547375192506699_4709816602277707776_o-1500x1536.jpg 1500w\" sizes=\"auto, (max-width: 1621px) 100vw, 1621px\" \/><\/figure>\n\n\n\n<h3 class=\"wp-block-heading\" style=\"margin-top:16px\"><a href=\"https:\/\/crcawingchun.fr\/?page_id=155\" data-type=\"page\" data-id=\"155\">Un Wing Chun adapt\u00e9 \u00e0 notre temps<\/a><\/h3>\n\n\n\n<p>Le CRCA Wing Chun est un Wing Chun moderne adapt\u00e9 au travers de plus de trente ans d&rsquo;enseignement de Randy Williams&#8230;<\/p>\n<\/div>\n\n\n\n<div class=\"wp-block-column is-vertically-aligned-top is-layout-flow wp-container-core-column-is-layout-6b73ce23 wp-block-column-is-layout-flow\">\n<figure class=\"wp-block-image size-full\"><img loading=\"lazy\" decoding=\"async\" width=\"476\" height=\"636\" src=\"https:\/\/crcawingchun.fr\/wp-content\/uploads\/2025\/07\/GeorgeYau.jpg\" alt=\"Seef Randy Williams et George Yau\" class=\"wp-image-10\" srcset=\"https:\/\/crcawingchun.fr\/wp-content\/uploads\/2025\/07\/GeorgeYau.jpg 476w, https:\/\/crcawingchun.fr\/wp-content\/uploads\/2025\/07\/GeorgeYau-225x300.jpg 225w\" sizes=\"auto, (max-width: 476px) 100vw, 476px\" \/><\/figure>\n\n\n\n<h3 class=\"wp-block-heading\" style=\"margin-top:16px\"><a href=\"https:\/\/crcawingchun.fr\/?page_id=81\" data-type=\"page\" data-id=\"81\">La lign\u00e9e Randy Williams<\/a><\/h3>\n\n\n\n<p>Randy Williams a re\u00e7u son enseignement de trois Ma\u00eetres, d\u00e9couvrez sa lign\u00e9e&#8230;<\/p>\n\n\n\n<p><\/p>\n\n\n\n<p><\/p>\n<\/div>\n\n\n\n<div class=\"wp-block-column is-vertically-aligned-top is-layout-flow wp-container-core-column-is-layout-6b73ce23 wp-block-column-is-layout-flow\">\n<figure class=\"wp-block-image size-full\"><img loading=\"lazy\" decoding=\"async\" width=\"2560\" height=\"1713\" src=\"https:\/\/crcawingchun.fr\/wp-content\/uploads\/2025\/07\/30062019-Bai-See-pic_120547-scaled.jpg\" alt=\"Seef Randy Williams et Philippe Leroux, photo officielle.\" class=\"wp-image-33\" srcset=\"https:\/\/crcawingchun.fr\/wp-content\/uploads\/2025\/07\/30062019-Bai-See-pic_120547-scaled.jpg 2560w, https:\/\/crcawingchun.fr\/wp-content\/uploads\/2025\/07\/30062019-Bai-See-pic_120547-300x201.jpg 300w, https:\/\/crcawingchun.fr\/wp-content\/uploads\/2025\/07\/30062019-Bai-See-pic_120547-1024x685.jpg 1024w, https:\/\/crcawingchun.fr\/wp-content\/uploads\/2025\/07\/30062019-Bai-See-pic_120547-768x514.jpg 768w, https:\/\/crcawingchun.fr\/wp-content\/uploads\/2025\/07\/30062019-Bai-See-pic_120547-1536x1028.jpg 1536w, https:\/\/crcawingchun.fr\/wp-content\/uploads\/2025\/07\/30062019-Bai-See-pic_120547-2048x1371.jpg 2048w\" sizes=\"auto, (max-width: 2560px) 100vw, 2560px\" \/><\/figure>\n\n\n\n<h3 class=\"wp-block-heading\" style=\"margin-top:16px\"><a href=\"https:\/\/crcawingchun.fr\/?page_id=255\" data-type=\"page\" data-id=\"255\">Le Wing Chun CRCA France<\/a><\/h3>\n\n\n\n<p>Philippe Leroux est un repr\u00e9sentant officiel de Randy Williams en France. Chacun de ses grades ont \u00e9t\u00e9 obtenus avec des examens dirig\u00e9s et valid\u00e9s par Randy Williams&#8230;<\/p>\n<\/div>\n<\/div>\n<\/div>\n\n\n\n<div class=\"wp-block-group alignfull has-white-background-color has-background is-layout-constrained wp-block-group-is-layout-constrained\" id=\"about\" style=\"padding-top:60px;padding-bottom:60px\">\n<div class=\"wp-block-media-text has-media-on-the-right is-stacked-on-mobile is-vertically-aligned-top\" style=\"grid-template-columns:auto 44%\"><div class=\"wp-block-media-text__content\">\n<div class=\"inherit-container-width wp-block-group is-layout-constrained wp-container-core-group-is-layout-47ce07ec wp-block-group-is-layout-constrained\" style=\"padding-right:80px\">\n<h2 class=\"wp-block-heading\" style=\"padding-right:40px\">Notre identit\u00e9<\/h2>\n\n\n\n<p>CRCA France Wing Chun est une association sportive et culturelle r\u00e9gie par la loi 1901. Notre association a pour but de diffuser et encourager la pratique du CRCA Wing Chun.<\/p>\n\n\n\n<p>L\u2019association propose des cours hebdomadaires, et cours \u00e0 la carte, ainsi que des \u00e9v\u00e9nements ponctuels tels que stages et s\u00e9minaires. <\/p>\n\n\n\n<p>Les activit\u00e9s hebdomadaires de l\u2019association CRCA France Wing Chun, ont lieux dans une salle situ\u00e9e \u00e0 Buc, dans les Yvelines.<\/p>\n\n\n\n<p>L\u2019association vous propose des cours de CRCA Wing Chun encadr\u00e9s par Mr. Philippe Leroux, repr\u00e9sentant officiel de la CRCA Wing Chun en France.<\/p>\n\n\n\n<p><\/p>\n<\/div>\n\n\n\n<div class=\"wp-block-buttons is-horizontal is-content-justification-left is-layout-flex wp-container-core-buttons-is-layout-6f3abea0 wp-block-buttons-is-layout-flex\" style=\"margin-top:0;margin-bottom:0;padding-top:var(--wp--preset--spacing--20);padding-right:0;padding-bottom:var(--wp--preset--spacing--20);padding-left:0\">\n<div class=\"wp-block-button\"><a class=\"wp-block-button__link has-text-align-center wp-element-button\" href=\"https:\/\/crcawingchun.fr\/?page_id=161\">En savoir plus<\/a><\/div>\n<\/div>\n<\/div><figure class=\"wp-block-media-text__media\"><img loading=\"lazy\" decoding=\"async\" width=\"768\" height=\"1024\" src=\"https:\/\/crcawingchun.fr\/wp-content\/uploads\/2025\/07\/IMG_20190630_172847-3-768x1024.jpg\" alt=\"Philippe Leroux, Barn Member au Ranch de Randy Williams aux Etats Unis, pratiquant la forme du Mannequin de Bois (Mook Yan Joang)\" class=\"wp-image-32 size-full\" srcset=\"https:\/\/crcawingchun.fr\/wp-content\/uploads\/2025\/07\/IMG_20190630_172847-3-768x1024.jpg 768w, https:\/\/crcawingchun.fr\/wp-content\/uploads\/2025\/07\/IMG_20190630_172847-3-225x300.jpg 225w, https:\/\/crcawingchun.fr\/wp-content\/uploads\/2025\/07\/IMG_20190630_172847-3-1152x1536.jpg 1152w, https:\/\/crcawingchun.fr\/wp-content\/uploads\/2025\/07\/IMG_20190630_172847-3-1536x2048.jpg 1536w, https:\/\/crcawingchun.fr\/wp-content\/uploads\/2025\/07\/IMG_20190630_172847-3-scaled.jpg 1920w\" sizes=\"auto, (max-width: 768px) 100vw, 768px\" \/><\/figure><\/div>\n<\/div>\n\n\n\n<div class=\"wp-block-group alignfull has-ast-global-color-5-background-color has-background is-layout-constrained wp-container-core-group-is-layout-375c447b wp-block-group-is-layout-constrained\" id=\"whyus\" style=\"padding-top:60px;padding-bottom:60px\">\n<h2 class=\"wp-block-heading\">Pourquoi choisir notre Association pour apprendre le Wing Chun ?<\/h2>\n\n\n\n<div class=\"wp-block-columns is-layout-flex wp-container-core-columns-is-layout-29aadeec wp-block-columns-is-layout-flex\" style=\"margin-top:60px\">\n<div class=\"wp-block-column is-layout-flow wp-container-core-column-is-layout-6b73ce23 wp-block-column-is-layout-flow\">\n<figure class=\"wp-block-image size-full\"><img alt=\"\" loading=\"lazy\" decoding=\"async\" width=\"600\" height=\"400\" src=\"https:\/\/crcawingchun.fr\/wp-content\/uploads\/2025\/07\/advert1.png\" alt=\"\" class=\"wp-image-36\" srcset=\"https:\/\/crcawingchun.fr\/wp-content\/uploads\/2025\/07\/advert1.png 600w, https:\/\/crcawingchun.fr\/wp-content\/uploads\/2025\/07\/advert1-300x200.png 300w\" sizes=\"auto, (max-width: 600px) 100vw, 600px\" \/><\/figure>\n\n\n\n<h3 class=\"wp-block-heading\" style=\"margin-top:16px\"><a href=\"https:\/\/crcawingchun.fr\/?page_id=161\" data-type=\"page\" data-id=\"161\">Un enseignement structur\u00e9 et de qualit\u00e9<\/a><\/h3>\n\n\n\n<p>Le CRCA Wing Chun vous est enseign\u00e9 avec une structure propre \u00e0 cette \u00e9cole. Ainsi vous allez pratiquer le Wing Chun avec une acquisition progressive de la connaissance consolid\u00e9e avec les applications martiales.<\/p>\n<\/div>\n\n\n\n<div class=\"wp-block-column is-layout-flow wp-container-core-column-is-layout-6b73ce23 wp-block-column-is-layout-flow\">\n<figure class=\"wp-block-image size-full\"><img alt=\"\" loading=\"lazy\" decoding=\"async\" width=\"1300\" height=\"592\" src=\"https:\/\/crcawingchun.fr\/wp-content\/uploads\/2025\/07\/salut.jpg\" alt=\"\" class=\"wp-image-30\" srcset=\"https:\/\/crcawingchun.fr\/wp-content\/uploads\/2025\/07\/salut.jpg 1300w, https:\/\/crcawingchun.fr\/wp-content\/uploads\/2025\/07\/salut-300x137.jpg 300w, https:\/\/crcawingchun.fr\/wp-content\/uploads\/2025\/07\/salut-1024x466.jpg 1024w, https:\/\/crcawingchun.fr\/wp-content\/uploads\/2025\/07\/salut-768x350.jpg 768w\" sizes=\"auto, (max-width: 1300px) 100vw, 1300px\" \/><\/figure>\n\n\n\n<h3 class=\"wp-block-heading\" style=\"margin-top:16px\"><a href=\"https:\/\/crcawingchun.fr\/?page_id=255\" data-type=\"page\" data-id=\"255\">Une \u00e9cole existant depuis 2012<\/a><\/h3>\n\n\n\n<p>Le Wing Chun CRCA France a \u00e9t\u00e9 fond\u00e9 par Philippe Leroux en 2012 et continue \u00e0 d\u00e9livrer un enseignement de qualit\u00e9 dans la lign\u00e9e de Randy Williams.<\/p>\n<\/div>\n\n\n\n<div class=\"wp-block-column is-layout-flow wp-container-core-column-is-layout-6b73ce23 wp-block-column-is-layout-flow\">\n<figure class=\"wp-block-image size-large\"><img loading=\"lazy\" decoding=\"async\" width=\"1024\" height=\"635\" src=\"https:\/\/crcawingchun.fr\/wp-content\/uploads\/2025\/07\/cours-1024x635.jpg\" alt=\"Cours CRCA Wing Chun France dans notre salle de BUC\" class=\"wp-image-115\" srcset=\"https:\/\/crcawingchun.fr\/wp-content\/uploads\/2025\/07\/cours-1024x635.jpg 1024w, https:\/\/crcawingchun.fr\/wp-content\/uploads\/2025\/07\/cours-300x186.jpg 300w, https:\/\/crcawingchun.fr\/wp-content\/uploads\/2025\/07\/cours-768x476.jpg 768w, https:\/\/crcawingchun.fr\/wp-content\/uploads\/2025\/07\/cours-1536x952.jpg 1536w, https:\/\/crcawingchun.fr\/wp-content\/uploads\/2025\/07\/cours.jpg 1707w\" sizes=\"auto, (max-width: 1024px) 100vw, 1024px\" \/><\/figure>\n\n\n\n<h3 class=\"wp-block-heading\" style=\"margin-top:16px\"><a href=\"https:\/\/crcawingchun.fr\/?page_id=283\" data-type=\"page\" data-id=\"283\">Quatre cours sur la semaine<\/a><\/h3>\n\n\n\n<p>Avec quatre cours disponibles durant la semaine, sans interruption pendant les vacances scolaires, notre \u00e9cole vous permet de choisir vos cours adapt\u00e9e \u00e0 votre rythme.<\/p>\n<\/div>\n<\/div>\n<\/div>\n\n\n\n<p><\/p>\n","protected":false},"excerpt":{"rendered":"<p>Le CRCA Wing Chun de Randy Williams Un Wing Chun adapt\u00e9 \u00e0 notre temps Le CRCA Wing Chun est un [&hellip;]<\/p>\n","protected":false},"author":1,"featured_media":378,"parent":0,"menu_order":0,"comment_status":"closed","ping_status":"closed","template":"","meta":{"_seopress_robots_primary_cat":"","_seopress_titles_title":"","_seopress_titles_desc":"%%tagline%% %%post_title%%","_seopress_robots_index":"","site-sidebar-layout":"no-sidebar","site-content-layout":"plain-container","ast-site-content-layout":"default","site-content-style":"default","site-sidebar-style":"default","ast-global-header-display":"","ast-banner-title-visibility":"","ast-main-header-display":"","ast-hfb-above-header-display":"","ast-hfb-below-header-display":"","ast-hfb-mobile-header-display":"","site-post-title":"disabled","ast-breadcrumbs-content":"","ast-featured-img":"disabled","footer-sml-layout":"","theme-transparent-header-meta":"enabled","adv-header-id-meta":"","stick-header-meta":"","header-above-stick-meta":"","header-main-stick-meta":"","header-below-stick-meta":"","astra-migrate-meta-layouts":"default","ast-page-background-enabled":"default","ast-page-background-meta":{"desktop":{"background-color":"var(--ast-global-color-5)","background-image":"","background-repeat":"repeat","background-position":"center center","background-size":"auto","background-attachment":"scroll","background-type":"","background-media":"","overlay-type":"","overlay-color":"","overlay-opacity":"","overlay-gradient":""},"tablet":{"background-color":"","background-image":"","background-repeat":"repeat","background-position":"center center","background-size":"auto","background-attachment":"scroll","background-type":"","background-media":"","overlay-type":"","overlay-color":"","overlay-opacity":"","overlay-gradient":""},"mobile":{"background-color":"","background-image":"","background-repeat":"repeat","background-position":"center center","background-size":"auto","background-attachment":"scroll","background-type":"","background-media":"","overlay-type":"","overlay-color":"","overlay-opacity":"","overlay-gradient":""}},"ast-content-background-meta":{"desktop":{"background-color":"var(--ast-global-color-4)","background-image":"","background-repeat":"repeat","background-position":"center center","background-size":"auto","background-attachment":"scroll","background-type":"","background-media":"","overlay-type":"","overlay-color":"","overlay-opacity":"","overlay-gradient":""},"tablet":{"background-color":"var(--ast-global-color-4)","background-image":"","background-repeat":"repeat","background-position":"center center","background-size":"auto","background-attachment":"scroll","background-type":"","background-media":"","overlay-type":"","overlay-color":"","overlay-opacity":"","overlay-gradient":""},"mobile":{"background-color":"var(--ast-global-color-4)","background-image":"","background-repeat":"repeat","background-position":"center center","background-size":"auto","background-attachment":"scroll","background-type":"","background-media":"","overlay-type":"","overlay-color":"","overlay-opacity":"","overlay-gradient":""}},"footnotes":""},"class_list":["post-38","page","type-page","status-publish","has-post-thumbnail","hentry"],"_links":{"self":[{"href":"https:\/\/crcawingchun.fr\/index.php?rest_route=\/wp\/v2\/pages\/38","targetHints":{"allow":["GET"]}}],"collection":[{"href":"https:\/\/crcawingchun.fr\/index.php?rest_route=\/wp\/v2\/pages"}],"about":[{"href":"https:\/\/crcawingchun.fr\/index.php?rest_route=\/wp\/v2\/types\/page"}],"author":[{"embeddable":true,"href":"https:\/\/crcawingchun.fr\/index.php?rest_route=\/wp\/v2\/users\/1"}],"replies":[{"embeddable":true,"href":"https:\/\/crcawingchun.fr\/index.php?rest_route=%2Fwp%2Fv2%2Fcomments&post=38"}],"version-history":[{"count":124,"href":"https:\/\/crcawingchun.fr\/index.php?rest_route=\/wp\/v2\/pages\/38\/revisions"}],"predecessor-version":[{"id":623,"href":"https:\/\/crcawingchun.fr\/index.php?rest_route=\/wp\/v2\/pages\/38\/revisions\/623"}],"wp:featuredmedia":[{"embeddable":true,"href":"https:\/\/crcawingchun.fr\/index.php?rest_route=\/wp\/v2\/media\/378"}],"wp:attachment":[{"href":"https:\/\/crcawingchun.fr\/index.php?rest_route=%2Fwp%2Fv2%2Fmedia&parent=38"}],"curies":[{"name":"wp","href":"https:\/\/api.w.org\/{rel}","templated":true}]}}