{"id":155,"date":"2025-07-26T13:46:35","date_gmt":"2025-07-26T11:46:35","guid":{"rendered":"https:\/\/crcawingchunfrance9767.live-website.com\/?page_id=155"},"modified":"2025-08-08T19:18:16","modified_gmt":"2025-08-08T17:18:16","slug":"enseignement-2","status":"publish","type":"page","link":"https:\/\/crcawingchun.fr\/?page_id=155","title":{"rendered":"Enseignement"},"content":{"rendered":"\n<hr class=\"wp-block-separator has-alpha-channel-opacity\"\/>\n\n\n\n<div class=\"wp-block-media-text alignfull is-stacked-on-mobile has-ast-global-color-5-background-color has-background\" style=\"padding-right:var(--wp--preset--spacing--80);padding-left:var(--wp--preset--spacing--80);grid-template-columns:39% auto\"><figure class=\"wp-block-media-text__media\"><img alt=\"\" loading=\"lazy\" decoding=\"async\" width=\"489\" height=\"325\" src=\"https:\/\/crcawingchun.fr\/wp-content\/uploads\/2025\/07\/wsb_489x332_10-AP20121202-0862.jpg\" alt=\"\" class=\"wp-image-197 size-full\" srcset=\"https:\/\/crcawingchun.fr\/wp-content\/uploads\/2025\/07\/wsb_489x332_10-AP20121202-0862.jpg 489w, https:\/\/crcawingchun.fr\/wp-content\/uploads\/2025\/07\/wsb_489x332_10-AP20121202-0862-300x199.jpg 300w\" sizes=\"auto, (max-width: 489px) 100vw, 489px\" \/><\/figure><div class=\"wp-block-media-text__content\">\n<p>Notre \u00e9cole de Wing Chun s\u2019inscrit dans la lign\u00e9e du ma\u00eetre Yip Man, figure embl\u00e9matique du style et garante d\u2019une tradition martiale transmise avec respect et authenticit\u00e9. Sous l\u2019influence de Randy Williams, expert reconnu internationalement, nous pr\u00e9servons l\u2019essence du Wing Chun tout en adaptant ses enseignements aux besoins d\u2019aujourd\u2019hui.<br><br>Le Wing Chun, avant tout un art issu de situations r\u00e9elles, offre une approche efficace et pragmatique de la self d\u00e9fense. Chaque technique enseign\u00e9e permet d\u2019acqu\u00e9rir des r\u00e9flexes fiables et des m\u00e9thodes de d\u00e9fense judicieuses, adapt\u00e9es \u00e0 toutes les circonstances.<\/p>\n<\/div><\/div>\n\n\n\n<div class=\"wp-block-media-text alignfull has-media-on-the-right is-stacked-on-mobile is-vertically-aligned-center has-ast-global-color-5-background-color has-background\" style=\"padding-right:var(--wp--preset--spacing--80);padding-left:var(--wp--preset--spacing--80);grid-template-columns:auto 39%\"><div class=\"wp-block-media-text__content\">\n<p>Au-del\u00e0 de l\u2019aspect martial, la pratique r\u00e9guli\u00e8re du Wing Chun au sein de notre \u00e9cole cultive la confiance en soi, l\u2019assurance et le d\u00e9passement de soi. Les progr\u00e8s personnels se refl\u00e8tent dans la vie quotidienne, offrant \u00e0 chacun une assise solide et une ma\u00eetrise accrue de ses \u00e9motions.<\/p>\n\n\n\n<p>Enfin, le Wing Chun est \u00e9galement un art propice au bien-\u00eatre g\u00e9n\u00e9ral. Sa pratique favorise la sant\u00e9 par le renforcement du corps, l\u2019am\u00e9lioration de la posture, la gestion du stress et le d\u00e9veloppement de la concentration. Rejoindre notre \u00e9cole, c\u2019est s\u2019inscrire dans une tradition vivante, \u00e9voluer dans un cadre bienveillant et faire le choix d\u2019un \u00e9panouissement complet \u2013 aussi bien physique que mental.<\/p>\n<\/div><figure class=\"wp-block-media-text__media\"><img alt=\"\" loading=\"lazy\" decoding=\"async\" width=\"469\" height=\"311\" src=\"https:\/\/crcawingchun.fr\/wp-content\/uploads\/2025\/07\/wsb_469x311_MP-WingChun-July2013-18.jpg\" alt=\"\" class=\"wp-image-359 size-full\" srcset=\"https:\/\/crcawingchun.fr\/wp-content\/uploads\/2025\/07\/wsb_469x311_MP-WingChun-July2013-18.jpg 469w, https:\/\/crcawingchun.fr\/wp-content\/uploads\/2025\/07\/wsb_469x311_MP-WingChun-July2013-18-300x199.jpg 300w\" sizes=\"auto, (max-width: 469px) 100vw, 469px\" \/><\/figure><\/div>\n\n\n\n<div class=\"wp-block-media-text alignfull is-stacked-on-mobile has-ast-global-color-5-background-color has-background\" style=\"padding-right:var(--wp--preset--spacing--80);padding-left:var(--wp--preset--spacing--80);grid-template-columns:19% auto\"><figure class=\"wp-block-media-text__media\"><img alt=\"\" loading=\"lazy\" decoding=\"async\" width=\"274\" height=\"521\" src=\"https:\/\/crcawingchun.fr\/wp-content\/uploads\/2025\/07\/CRCAFranceWingChunLineage-2.jpg\" alt=\"\" class=\"wp-image-423 size-full\" srcset=\"https:\/\/crcawingchun.fr\/wp-content\/uploads\/2025\/07\/CRCAFranceWingChunLineage-2.jpg 274w, https:\/\/crcawingchun.fr\/wp-content\/uploads\/2025\/07\/CRCAFranceWingChunLineage-2-158x300.jpg 158w\" sizes=\"auto, (max-width: 274px) 100vw, 274px\" \/><\/figure><div class=\"wp-block-media-text__content\">\n<p>Notre \u00e9cole de Wing Chun appartient \u00e0 la lign\u00e9e directe de Yip Man, garantissant l\u2019enseignement d\u2019un style fid\u00e8le \u00e0 la tradition martiale chinoise. Sous la transmission de Randy Williams, l\u2019\u00e9cole propose une approche authentique du Wing Chun, centr\u00e9e sur l\u2019efficacit\u00e9 des techniques et leur application concr\u00e8te.<\/p>\n\n\n\n<p>Le style se distingue par des principes de self-d\u00e9fense pragmatiques et efficaces, adapt\u00e9s aux situations r\u00e9elles. Les entra\u00eenements mettent l\u2019accent sur la r\u00e9activit\u00e9, le contr\u00f4le de la distance, l\u2019\u00e9conomie de mouvement et la simplicit\u00e9 des r\u00e9ponses d\u00e9fensives.<\/p>\n\n\n\n<p>La pratique r\u00e9guli\u00e8re d\u00e9veloppe aussi la confiance en soi, \u00e0 travers la ma\u00eetrise progressive des techniques et la capacit\u00e9 \u00e0 faire face diff\u00e9rentes formes d\u2019agression.<\/p>\n\n\n\n<p>Enfin, l\u2019apprentissage du Wing Chun permet d\u2019am\u00e9liorer la condition physique, la coordination, la gestion du stress et d\u2019entretenir la sant\u00e9 globale gr\u00e2ce \u00e0 une pratique respectueuse du corps.<\/p>\n<\/div><\/div>\n\n\n\n<hr class=\"wp-block-separator has-alpha-channel-opacity\"\/>\n\n\n\n<p><\/p>\n","protected":false},"excerpt":{"rendered":"<p>Notre \u00e9cole de Wing Chun s\u2019inscrit dans la lign\u00e9e du ma\u00eetre Yip Man, figure embl\u00e9matique du style et garante d\u2019une [&hellip;]<\/p>\n","protected":false},"author":1,"featured_media":0,"parent":0,"menu_order":0,"comment_status":"closed","ping_status":"closed","template":"","meta":{"_seopress_robots_primary_cat":"","_seopress_titles_title":"","_seopress_titles_desc":"","_seopress_robots_index":"","site-sidebar-layout":"default","site-content-layout":"","ast-site-content-layout":"default","site-content-style":"default","site-sidebar-style":"default","ast-global-header-display":"","ast-banner-title-visibility":"","ast-main-header-display":"","ast-hfb-above-header-display":"","ast-hfb-below-header-display":"","ast-hfb-mobile-header-display":"","site-post-title":"","ast-breadcrumbs-content":"","ast-featured-img":"","footer-sml-layout":"","theme-transparent-header-meta":"","adv-header-id-meta":"","stick-header-meta":"","header-above-stick-meta":"","header-main-stick-meta":"","header-below-stick-meta":"","astra-migrate-meta-layouts":"default","ast-page-background-enabled":"default","ast-page-background-meta":{"desktop":{"background-color":"var(--ast-global-color-5)","background-image":"","background-repeat":"repeat","background-position":"center center","background-size":"auto","background-attachment":"scroll","background-type":"","background-media":"","overlay-type":"","overlay-color":"","overlay-opacity":"","overlay-gradient":""},"tablet":{"background-color":"","background-image":"","background-repeat":"repeat","background-position":"center center","background-size":"auto","background-attachment":"scroll","background-type":"","background-media":"","overlay-type":"","overlay-color":"","overlay-opacity":"","overlay-gradient":""},"mobile":{"background-color":"","background-image":"","background-repeat":"repeat","background-position":"center center","background-size":"auto","background-attachment":"scroll","background-type":"","background-media":"","overlay-type":"","overlay-color":"","overlay-opacity":"","overlay-gradient":""}},"ast-content-background-meta":{"desktop":{"background-color":"var(--ast-global-color-4)","background-image":"","background-repeat":"repeat","background-position":"center center","background-size":"auto","background-attachment":"scroll","background-type":"","background-media":"","overlay-type":"","overlay-color":"","overlay-opacity":"","overlay-gradient":""},"tablet":{"background-color":"var(--ast-global-color-4)","background-image":"","background-repeat":"repeat","background-position":"center center","background-size":"auto","background-attachment":"scroll","background-type":"","background-media":"","overlay-type":"","overlay-color":"","overlay-opacity":"","overlay-gradient":""},"mobile":{"background-color":"var(--ast-global-color-4)","background-image":"","background-repeat":"repeat","background-position":"center center","background-size":"auto","background-attachment":"scroll","background-type":"","background-media":"","overlay-type":"","overlay-color":"","overlay-opacity":"","overlay-gradient":""}},"footnotes":""},"class_list":["post-155","page","type-page","status-publish","hentry"],"_links":{"self":[{"href":"https:\/\/crcawingchun.fr\/index.php?rest_route=\/wp\/v2\/pages\/155","targetHints":{"allow":["GET"]}}],"collection":[{"href":"https:\/\/crcawingchun.fr\/index.php?rest_route=\/wp\/v2\/pages"}],"about":[{"href":"https:\/\/crcawingchun.fr\/index.php?rest_route=\/wp\/v2\/types\/page"}],"author":[{"embeddable":true,"href":"https:\/\/crcawingchun.fr\/index.php?rest_route=\/wp\/v2\/users\/1"}],"replies":[{"embeddable":true,"href":"https:\/\/crcawingchun.fr\/index.php?rest_route=%2Fwp%2Fv2%2Fcomments&post=155"}],"version-history":[{"count":7,"href":"https:\/\/crcawingchun.fr\/index.php?rest_route=\/wp\/v2\/pages\/155\/revisions"}],"predecessor-version":[{"id":465,"href":"https:\/\/crcawingchun.fr\/index.php?rest_route=\/wp\/v2\/pages\/155\/revisions\/465"}],"wp:attachment":[{"href":"https:\/\/crcawingchun.fr\/index.php?rest_route=%2Fwp%2Fv2%2Fmedia&parent=155"}],"curies":[{"name":"wp","href":"https:\/\/api.w.org\/{rel}","templated":true}]}}